{"id":2467,"date":"2022-01-24T18:31:19","date_gmt":"2022-01-24T18:31:19","guid":{"rendered":"https:\/\/bendingtowardjustice.cah.ucf.edu\/?page_id=2467"},"modified":"2022-07-12T17:01:35","modified_gmt":"2022-07-12T17:01:35","slug":"chapter-13-ocoee-in-national-context","status":"publish","type":"page","link":"https:\/\/bendingtowardjustice.cah.ucf.edu\/index.php\/chapter-13-ocoee-in-national-context\/","title":{"rendered":"Chapter 13: Ocoee in National Context"},"content":{"rendered":"\n<p>As was the case for Ocoee in 1920, the commemorative events of 2020 unfolded within the context of a nation embroiled in controversy.&nbsp;A contentious presidential election in which the Black vote was considered essential, a summer of police violence, confrontations with the past, protests that spilled into the streets, and a global pandemic that upended social and economic certitudes mirrored the disparities and uncertainties of 1920.&nbsp;In 2018 and 2019, when Central Florida social activists, historical institutions, and community leaders planned the commemorative events to mark the Ocoee Massacre, no one anticipated the local, national, and international disruptions that would force a redesign of those plans to accommodate the reality of 2020.<\/p>\n\n\n\n<h2 class=\"wp-block-heading\"><strong>National Election&nbsp;&nbsp;<\/strong><\/h2>\n\n\n\n<div class=\"wp-block-media-text alignwide is-stacked-on-mobile\"><figure class=\"wp-block-media-text__media\"><a class=\"foobox\" href=\"https:\/\/bendingtowardjustice.cah.ucf.edu\/wp-content\/uploads\/2021\/12\/Social-Media-Post-Graphic.jpg\" rel=\"vrvs_c13\"><img loading=\"lazy\" decoding=\"async\" width=\"500\" height=\"282\" src=\"https:\/\/bendingtowardjustice.cah.ucf.edu\/wp-content\/uploads\/2021\/12\/Social-Media-Post-Graphic.jpg\" alt=\"\" class=\"wp-image-2182 size-full\" srcset=\"https:\/\/bendingtowardjustice.cah.ucf.edu\/wp-content\/uploads\/2021\/12\/Social-Media-Post-Graphic.jpg 500w, https:\/\/bendingtowardjustice.cah.ucf.edu\/wp-content\/uploads\/2021\/12\/Social-Media-Post-Graphic-300x169.jpg 300w\" sizes=\"auto, (max-width: 500px) 100vw, 500px\" \/><\/a><\/figure><div class=\"wp-block-media-text__content\">\n<p>In the age of social media and deep political divisions, the political campaigns found no common understanding of American issues or even agreement on what could be viewed as \u201ctrue.\u201d&nbsp;In addition to the \u201cno holds barred\u201d campaigning between the candidates, social media influencers spread disinformation to energize and\/or confuse potential voters.&nbsp; Meanwhile, election officials struggled with the reality of a global pandemic that posed questions of how and where voters would cast their ballots.&nbsp; In the end voters had a variety of choices in addition to traditional in-person voting: early voting, drop-off ballots, and mail-in ballots. <\/p>\n<\/div><\/div>\n\n\n\n<p>Unlike recent presidential elections, the winner was not declared until the Saturday following the balloting.&nbsp;Although election officials declared the balloting to have been fair and free of fraud, supporters of President Donald J. Trump demanded multiple recounts in targeted states he expected to win.&nbsp;The recounts produced no change in the outcome of the election.&nbsp;In an echo of the 1920 presidential election, voter eligibility combined with how voters cast their ballots became important points of dispute. In subsequent state actions, restrictive voting laws emerged, which many viewed as a second Jim Crow.<\/p>\n\n\n\n<h2 class=\"wp-block-heading\"><br><strong>NBA Get Out the Vote Campaign<\/strong><\/h2>\n\n\n\n<p>The Orlando Magic joined with the National Basketball Association (NBA) in a campaign to get out the vote. In the videos below representatives of the Orlando Magic talk about their local campaign.<\/p>\n\n\n\n<figure class=\"wp-block-embed is-type-video is-provider-youtube wp-block-embed-youtube wp-embed-aspect-16-9 wp-has-aspect-ratio\"><div class=\"wp-block-embed__wrapper\">\n<iframe loading=\"lazy\" title=\"BTJ Legacy Orlando Magic\" width=\"680\" height=\"383\" src=\"https:\/\/www.youtube.com\/embed\/sHzt2zooJtg?feature=oembed\" frameborder=\"0\" allow=\"accelerometer; autoplay; clipboard-write; encrypted-media; gyroscope; picture-in-picture\" allowfullscreen><\/iframe>\n<\/div><\/figure>\n\n\n\n<figure class=\"wp-block-embed is-type-video is-provider-youtube wp-block-embed-youtube wp-embed-aspect-16-9 wp-has-aspect-ratio\"><div class=\"wp-block-embed__wrapper\">\n<iframe loading=\"lazy\" title=\"BTJ VoterReg Orlando Magic\" width=\"680\" height=\"383\" src=\"https:\/\/www.youtube.com\/embed\/k66Vl6kk4_Q?feature=oembed\" frameborder=\"0\" allow=\"accelerometer; autoplay; clipboard-write; encrypted-media; gyroscope; picture-in-picture\" allowfullscreen><\/iframe>\n<\/div><\/figure>\n\n\n\n<figure class=\"wp-block-embed is-type-video is-provider-youtube wp-block-embed-youtube wp-embed-aspect-16-9 wp-has-aspect-ratio\"><div class=\"wp-block-embed__wrapper\">\n<iframe loading=\"lazy\" title=\"BTJ Legacy OrlandoMagicPressConf  mp4\" width=\"680\" height=\"383\" src=\"https:\/\/www.youtube.com\/embed\/9xfYLmCwQVg?feature=oembed\" frameborder=\"0\" allow=\"accelerometer; autoplay; clipboard-write; encrypted-media; gyroscope; picture-in-picture\" allowfullscreen><\/iframe>\n<\/div><\/figure>\n\n\n\n<h2 class=\"wp-block-heading\"><br><br><strong>Black Lives Matter<\/strong><\/h2>\n\n\n\n<p>On May 25, 2020, the murder of George Floyd while in the custody of Minneapolis police unleashed a global denunciation of police violence. Like other cities around the world, Orlando citizens took to the streets in peaceful marches to demonstrate their outrage and demand reforms.<br><br><\/p>\n\n\n\n<figure class=\"wp-block-gallery columns-3 is-cropped\"><ul class=\"blocks-gallery-grid\"><li class=\"blocks-gallery-item\"><figure><a class=\"foobox\" href=\"https:\/\/bendingtowardjustice.cah.ucf.edu\/wp-content\/uploads\/2021\/11\/1.jpg\" target=\"_blank\" rel=\"vrvs_c13 noopener\"><img loading=\"lazy\" decoding=\"async\" width=\"640\" height=\"429\" src=\"https:\/\/bendingtowardjustice.cah.ucf.edu\/wp-content\/uploads\/2021\/11\/1.jpg\" alt=\"\" data-id=\"2088\" data-full-url=\"https:\/\/bendingtowardjustice.cah.ucf.edu\/wp-content\/uploads\/2021\/11\/1.jpg\" data-link=\"https:\/\/bendingtowardjustice.cah.ucf.edu\/index.php\/chapter-15-community-organizations\/george-floyd-mural-scholes-st-and-graham-ave-brooklyn-march-30-2021\/\" class=\"wp-image-2088\" srcset=\"https:\/\/bendingtowardjustice.cah.ucf.edu\/wp-content\/uploads\/2021\/11\/1.jpg 640w, https:\/\/bendingtowardjustice.cah.ucf.edu\/wp-content\/uploads\/2021\/11\/1-300x201.jpg 300w\" sizes=\"auto, (max-width: 640px) 100vw, 640px\" \/><\/a><figcaption class=\"blocks-gallery-item__caption\">George Floyd mural, Scholes St. and Graham Ave., Brooklyn, March 30, 2021.<\/figcaption><\/figure><\/li><li class=\"blocks-gallery-item\"><figure><a class=\"foobox\" href=\"https:\/\/bendingtowardjustice.cah.ucf.edu\/wp-content\/uploads\/2021\/11\/2.jpg\" target=\"_blank\" rel=\"vrvs_c13 noopener\"><img loading=\"lazy\" decoding=\"async\" width=\"640\" height=\"640\" src=\"https:\/\/bendingtowardjustice.cah.ucf.edu\/wp-content\/uploads\/2021\/11\/2.jpg\" alt=\"\" data-id=\"2089\" data-full-url=\"https:\/\/bendingtowardjustice.cah.ucf.edu\/wp-content\/uploads\/2021\/11\/2.jpg\" data-link=\"https:\/\/bendingtowardjustice.cah.ucf.edu\/index.php\/chapter-15-community-organizations\/attachment\/2\/\" class=\"wp-image-2089\" srcset=\"https:\/\/bendingtowardjustice.cah.ucf.edu\/wp-content\/uploads\/2021\/11\/2.jpg 640w, https:\/\/bendingtowardjustice.cah.ucf.edu\/wp-content\/uploads\/2021\/11\/2-300x300.jpg 300w, https:\/\/bendingtowardjustice.cah.ucf.edu\/wp-content\/uploads\/2021\/11\/2-150x150.jpg 150w, https:\/\/bendingtowardjustice.cah.ucf.edu\/wp-content\/uploads\/2021\/11\/2-125x125.jpg 125w\" sizes=\"auto, (max-width: 640px) 100vw, 640px\" \/><\/a><figcaption class=\"blocks-gallery-item__caption\">A crowd of protesters kneeling and wearing face masks at a Black Lives Matter rally.<\/figcaption><\/figure><\/li><li class=\"blocks-gallery-item\"><figure><a class=\"foobox\" href=\"https:\/\/bendingtowardjustice.cah.ucf.edu\/wp-content\/uploads\/2021\/11\/6.jpg\" target=\"_blank\" rel=\"vrvs_c13 noopener\"><img loading=\"lazy\" decoding=\"async\" width=\"640\" height=\"437\" src=\"https:\/\/bendingtowardjustice.cah.ucf.edu\/wp-content\/uploads\/2021\/11\/6.jpg\" alt=\"\" data-id=\"2093\" data-full-url=\"https:\/\/bendingtowardjustice.cah.ucf.edu\/wp-content\/uploads\/2021\/11\/6.jpg\" data-link=\"https:\/\/bendingtowardjustice.cah.ucf.edu\/index.php\/chapter-15-community-organizations\/attachment\/6\/\" class=\"wp-image-2093\" srcset=\"https:\/\/bendingtowardjustice.cah.ucf.edu\/wp-content\/uploads\/2021\/11\/6.jpg 640w, https:\/\/bendingtowardjustice.cah.ucf.edu\/wp-content\/uploads\/2021\/11\/6-300x205.jpg 300w\" sizes=\"auto, (max-width: 640px) 100vw, 640px\" \/><\/a><figcaption class=\"blocks-gallery-item__caption\">Black Lives Matter sign, Washington, DC, near White House and Black Lives Matter Plaza.<\/figcaption><\/figure><\/li><\/ul><\/figure>\n\n\n\n<p class=\"has-small-font-size\">(Photos courtesy of the Library of Congress.)<\/p>\n\n\n\n<p>Black Lives Matter (BLM) began with events in Central Florida. In 2013, following the acquittal of George Zimmerman in a Seminole County courtroom of the shooting death of Trayvon Martin, three Black activists\u2014Alicia Garza, Patrisse Cullors, and Opal Tometi\u2014created Black Lives Matter. BLM originated as a social media hashtag #BlackLivesMatter and became a Black-centered movement.&nbsp;With the deaths of Michael Brown in Missouri and Eric Garner in New York, the movement became national.&nbsp;The Black Lives Matter Foundation, Inc. is global and defines its mission \u201cto eradicate white supremacy and build local power to intervene in violence inflicted on Black communities by the state and vigilantes.&nbsp;By combating and countering acts of violence, creating space for Black imagination and innovation, and centering Black joy, we are winning immediate improvements in our lives.\u201d<\/p>\n\n\n\n<p><a href=\"https:\/\/blacklivesmatter.com\/\">https:\/\/blacklivesmatter.com\/<\/a><br><br><\/p>\n\n\n\n<figure class=\"wp-block-gallery columns-2 is-cropped\"><ul class=\"blocks-gallery-grid\"><li class=\"blocks-gallery-item\"><figure><a class=\"foobox\" href=\"https:\/\/bendingtowardjustice.cah.ucf.edu\/wp-content\/uploads\/2021\/11\/4.jpg\" target=\"_blank\" rel=\"vrvs_c13 noopener\"><img loading=\"lazy\" decoding=\"async\" width=\"640\" height=\"480\" src=\"https:\/\/bendingtowardjustice.cah.ucf.edu\/wp-content\/uploads\/2021\/11\/4.jpg\" alt=\"\" data-id=\"2091\" data-full-url=\"https:\/\/bendingtowardjustice.cah.ucf.edu\/wp-content\/uploads\/2021\/11\/4.jpg\" data-link=\"https:\/\/bendingtowardjustice.cah.ucf.edu\/index.php\/chapter-15-community-organizations\/attachment\/4\/\" class=\"wp-image-2091\" srcset=\"https:\/\/bendingtowardjustice.cah.ucf.edu\/wp-content\/uploads\/2021\/11\/4.jpg 640w, https:\/\/bendingtowardjustice.cah.ucf.edu\/wp-content\/uploads\/2021\/11\/4-300x225.jpg 300w\" sizes=\"auto, (max-width: 640px) 100vw, 640px\" \/><\/a><figcaption class=\"blocks-gallery-item__caption\">A Black preacher with fist raised using megaphone; behind him are supporters wearing face masks.<\/figcaption><\/figure><\/li><li class=\"blocks-gallery-item\"><figure><a class=\"foobox\" href=\"https:\/\/bendingtowardjustice.cah.ucf.edu\/wp-content\/uploads\/2021\/11\/5.jpg\" target=\"_blank\" rel=\"vrvs_c13 noopener\"><img loading=\"lazy\" decoding=\"async\" width=\"640\" height=\"427\" src=\"https:\/\/bendingtowardjustice.cah.ucf.edu\/wp-content\/uploads\/2021\/11\/5.jpg\" alt=\"\" data-id=\"2092\" data-full-url=\"https:\/\/bendingtowardjustice.cah.ucf.edu\/wp-content\/uploads\/2021\/11\/5.jpg\" data-link=\"https:\/\/bendingtowardjustice.cah.ucf.edu\/index.php\/chapter-15-community-organizations\/attachment\/5\/\" class=\"wp-image-2092\" srcset=\"https:\/\/bendingtowardjustice.cah.ucf.edu\/wp-content\/uploads\/2021\/11\/5.jpg 640w, https:\/\/bendingtowardjustice.cah.ucf.edu\/wp-content\/uploads\/2021\/11\/5-300x200.jpg 300w\" sizes=\"auto, (max-width: 640px) 100vw, 640px\" \/><\/a><figcaption class=\"blocks-gallery-item__caption\">One of the many Black Lives Matter events on or near Black Lives Matter Plaza in Washington, D.C.<\/figcaption><\/figure><\/li><\/ul><\/figure>\n\n\n\n<p class=\"has-small-font-size\">(Photos courtesy of the Library of Congress.)<\/p>\n\n\n\n<h2 class=\"wp-block-heading\"><br><strong>Teach-In at UCF<\/strong><\/h2>\n\n\n\n<figure class=\"wp-block-embed is-type-video is-provider-youtube wp-block-embed-youtube wp-embed-aspect-16-9 wp-has-aspect-ratio\"><div class=\"wp-block-embed__wrapper\">\n<iframe loading=\"lazy\" title=\"Black Lives: Racism and the Struggle for Justice in the American Democracy\" width=\"680\" height=\"383\" src=\"https:\/\/www.youtube.com\/embed\/oPz_skMAV4A?feature=oembed\" frameborder=\"0\" allow=\"accelerometer; autoplay; clipboard-write; encrypted-media; gyroscope; picture-in-picture\" allowfullscreen><\/iframe>\n<\/div><\/figure>\n\n\n\n<p>University of Central Florida faculty from the College of Arts and Humanities and the College of Sciences led a series of short presentations on racism in America from a comparative perspective. The teach-in facilitates a greater understanding and awareness of how racial discrimination and inequalities permeate many different aspects of our country&#8217;s history, socio-economic system, and politics. It also exhorts participants to take action and address the persistent legacies of racism. <\/p>\n\n\n\n<p><\/p>\n\n\n\n<p class=\"has-small-font-size\">Speakers and their topics included: <br>*Dr. Jonathan Cox, Department of Sociology; Color-blindness IS Racism\u201a and White Supremacy <br>*Dr. Edward Gonzalez-Tennant, Department of Anthropology; Archaeology is Antiracist or It is Nothing: Confronting the Legacies of Anti-Black Pogroms in 2020 <br>*Dr. Connie Lester, Department of History; The Rhyme of History: Racism in the Florida Narrative <br>*Dr. Amelia Lyons, Department of History; Colonialism, Migration, and Universalist Rhetoric: The Historic Roots of State Violence against People of Color in France <br>*Dr. Bhoomi Thakore, Department of Sociology; The Maintenance of Racism and Inequality in a Capitalist Society <br>*Dr. Keri Watson, School of Visual Arts and Design; The American Carceral Landscape and the Perpetuation of Slavery <br>*Dr. Kenicia Wright, School of Politics, Security, and International Affairs; Representative Bureaucracy, Intersectionality, and Female Health Outcomes in the US <br>*Opening remarks by Dr. G\u00fcne\u015f Murat Tezc\u00fcr, from the UCF School of Politics, Securities, and International Affairs. UCF History Alumnus Brandon Nightingale, M.A., who is the Archival Coordinator at Carl S. Swisher Memorial Library at Bethune-Cookman University serves as the moderator. <br>This virtual event was sponsored by the UCF College of Sciences, UCF College of Arts and Humanities, UCF Africana Studies and UCF School of Politics, Security, and International Affairs.<\/p>\n\n\n\n<h2 class=\"wp-block-heading\"><br><strong>Black Lives Lunch &amp; Learn: UCF Alumni &amp; Graduate Students on Race and Democracy<\/strong> <strong>(James Weldon Johnson Lecture Series)<\/strong><\/h2>\n\n\n\n<figure class=\"wp-block-embed is-type-video is-provider-youtube wp-block-embed-youtube wp-embed-aspect-16-9 wp-has-aspect-ratio\"><div class=\"wp-block-embed__wrapper\">\n<iframe loading=\"lazy\" title=\"Black Lives Lunch &amp; Learn: UCF Alumni &amp; Graduate Students on Race and Democracy (JWJ Lecture Series)\" width=\"680\" height=\"383\" src=\"https:\/\/www.youtube.com\/embed\/64PenxVraEg?feature=oembed\" frameborder=\"0\" allow=\"accelerometer; autoplay; clipboard-write; encrypted-media; gyroscope; picture-in-picture\" allowfullscreen><\/iframe>\n<\/div><\/figure>\n\n\n\n<p><\/p>\n\n\n\n<p>Recent graduates and students from the University of Central Florida History Department and Interdisciplinary Studies share a series of short research presentations on racism and democracy in America. <\/p>\n\n\n\n<p class=\"has-small-font-size\">Panelists: <br>*Aarron Booker, UCF Interdisciplinary Studies Graduate Student Teach us How: Love, Relationships, and Resistance <br>*Zafirios Daglaris, &#8217;19M.A., UCF History The Minstrel Legacy of Sentimentalism <br>*Jennifer Davis, &#8217;19M.A., UCF History How Change Started to Come: Examining Rhythm and Blues and Southern Identity <br>*Porsha Dossie, &#8217;14 &#8217;18M.A., UCF History The Tragic City <br>*Brandon Nightingale,&#8217;16 &#8217;19M.A., UCF History The CME Church in the Memory of the Civil Rights Movement <br>*UCF History Alumna Holly Baker, M.A., who is Manager of the Brevard Museum of History &amp; Natural Science and Host of Florida Frontiers Weekly Radio Magazine, will serve as moderator.<\/p>\n\n\n\n<p><br><\/p>\n\n\n\n<h2 class=\"wp-block-heading\"><strong>Covid-19 Pandemic<\/strong><\/h2>\n\n\n\n<p>In early 2020 in response to reports of an outbreak of a new coronavirus in China, the Centers for Disease Control (CDC) began testing airline passengers arriving from selected cities in that country.&nbsp;On March 13, 2020, President Donald Trump declared a nationwide state of emergency and two days later, businesses and schools began to shut down in Ohio and New York.&nbsp;Masking and social distancing were urged by health officials to prevent the spread of Covid-19.&nbsp;Schools, colleges, and universities transferred classes to online and Zoom formats.&nbsp;In Orange County, plans for exhibits, scholarly presentations, and public conversations had to be re-evaluated and re-organized. &nbsp;Some planned events were cancelled, while others transitioned to online formats or limited attendance venues.<br><br><\/p>\n\n\n\n<figure class=\"wp-block-gallery columns-2 is-cropped\"><ul class=\"blocks-gallery-grid\"><li class=\"blocks-gallery-item\"><figure><a class=\"foobox\" href=\"https:\/\/bendingtowardjustice.cah.ucf.edu\/wp-content\/uploads\/2021\/11\/COVID0087-683x1024.jpg\" target=\"_blank\" rel=\"vrvs_c13 noopener\"><img loading=\"lazy\" decoding=\"async\" width=\"683\" height=\"1024\" src=\"https:\/\/bendingtowardjustice.cah.ucf.edu\/wp-content\/uploads\/2021\/11\/COVID0087-683x1024.jpg\" alt=\"\" data-id=\"2079\" data-full-url=\"https:\/\/bendingtowardjustice.cah.ucf.edu\/wp-content\/uploads\/2021\/11\/COVID0087-scaled.jpg\" data-link=\"https:\/\/bendingtowardjustice.cah.ucf.edu\/index.php\/chapter-15-community-organizations\/covid0087\/\" class=\"wp-image-2079\" srcset=\"https:\/\/bendingtowardjustice.cah.ucf.edu\/wp-content\/uploads\/2021\/11\/COVID0087-683x1024.jpg 683w, https:\/\/bendingtowardjustice.cah.ucf.edu\/wp-content\/uploads\/2021\/11\/COVID0087-200x300.jpg 200w, https:\/\/bendingtowardjustice.cah.ucf.edu\/wp-content\/uploads\/2021\/11\/COVID0087-768x1152.jpg 768w, https:\/\/bendingtowardjustice.cah.ucf.edu\/wp-content\/uploads\/2021\/11\/COVID0087-1024x1536.jpg 1024w, https:\/\/bendingtowardjustice.cah.ucf.edu\/wp-content\/uploads\/2021\/11\/COVID0087-1365x2048.jpg 1365w, https:\/\/bendingtowardjustice.cah.ucf.edu\/wp-content\/uploads\/2021\/11\/COVID0087-scaled.jpg 1707w\" sizes=\"auto, (max-width: 683px) 100vw, 683px\" \/><\/a><figcaption class=\"blocks-gallery-item__caption\">Sign warning of Covid risks at Magic Kingdom Park in Walt Disney World Resort shortly after reopening in July 2020. (Photo courtesy of Geoffrey Cravero, UCF.)<\/figcaption><\/figure><\/li><li class=\"blocks-gallery-item\"><figure><a class=\"foobox\" href=\"https:\/\/bendingtowardjustice.cah.ucf.edu\/wp-content\/uploads\/2021\/11\/COVID9990-683x1024.jpg\" target=\"_blank\" rel=\"vrvs_c13 noopener\"><img loading=\"lazy\" decoding=\"async\" width=\"683\" height=\"1024\" src=\"https:\/\/bendingtowardjustice.cah.ucf.edu\/wp-content\/uploads\/2021\/11\/COVID9990-683x1024.jpg\" alt=\"\" data-id=\"2080\" data-full-url=\"https:\/\/bendingtowardjustice.cah.ucf.edu\/wp-content\/uploads\/2021\/11\/COVID9990-scaled.jpg\" data-link=\"https:\/\/bendingtowardjustice.cah.ucf.edu\/index.php\/chapter-15-community-organizations\/covid9990\/\" class=\"wp-image-2080\" srcset=\"https:\/\/bendingtowardjustice.cah.ucf.edu\/wp-content\/uploads\/2021\/11\/COVID9990-683x1024.jpg 683w, https:\/\/bendingtowardjustice.cah.ucf.edu\/wp-content\/uploads\/2021\/11\/COVID9990-200x300.jpg 200w, https:\/\/bendingtowardjustice.cah.ucf.edu\/wp-content\/uploads\/2021\/11\/COVID9990-768x1152.jpg 768w, https:\/\/bendingtowardjustice.cah.ucf.edu\/wp-content\/uploads\/2021\/11\/COVID9990-1024x1536.jpg 1024w, https:\/\/bendingtowardjustice.cah.ucf.edu\/wp-content\/uploads\/2021\/11\/COVID9990-1365x2048.jpg 1365w, https:\/\/bendingtowardjustice.cah.ucf.edu\/wp-content\/uploads\/2021\/11\/COVID9990-scaled.jpg 1707w\" sizes=\"auto, (max-width: 683px) 100vw, 683px\" \/><\/a><figcaption class=\"blocks-gallery-item__caption\">Sign asking guests to maintain 6 feet social distancing in Icon Park in May 2020. (Photo courtesy of Geoffrey Cravero, UCF.)<\/figcaption><\/figure><\/li><\/ul><\/figure>\n\n\n\n<figure class=\"wp-block-gallery columns-1 is-cropped\"><ul class=\"blocks-gallery-grid\"><li class=\"blocks-gallery-item\"><figure><a class=\"foobox\" href=\"https:\/\/bendingtowardjustice.cah.ucf.edu\/wp-content\/uploads\/2021\/11\/COVID0017-1024x683.jpg\" target=\"_blank\" rel=\"vrvs_c13 noopener\"><img loading=\"lazy\" decoding=\"async\" width=\"1024\" height=\"683\" src=\"https:\/\/bendingtowardjustice.cah.ucf.edu\/wp-content\/uploads\/2021\/11\/COVID0017-1024x683.jpg\" alt=\"\" data-id=\"2078\" class=\"wp-image-2078\" srcset=\"https:\/\/bendingtowardjustice.cah.ucf.edu\/wp-content\/uploads\/2021\/11\/COVID0017-1024x683.jpg 1024w, https:\/\/bendingtowardjustice.cah.ucf.edu\/wp-content\/uploads\/2021\/11\/COVID0017-300x200.jpg 300w, https:\/\/bendingtowardjustice.cah.ucf.edu\/wp-content\/uploads\/2021\/11\/COVID0017-768x512.jpg 768w, https:\/\/bendingtowardjustice.cah.ucf.edu\/wp-content\/uploads\/2021\/11\/COVID0017-1536x1024.jpg 1536w, https:\/\/bendingtowardjustice.cah.ucf.edu\/wp-content\/uploads\/2021\/11\/COVID0017-2048x1365.jpg 2048w\" sizes=\"auto, (max-width: 1024px) 100vw, 1024px\" \/><\/a><figcaption class=\"blocks-gallery-item__caption\"> <br>Sign on a gift shop in Icon Park telling guests that they are temporarily closed due to a stay at home order. (Photo courtesy of Geoffrey Cravero, UCF.) <\/figcaption><\/figure><\/li><\/ul><\/figure>\n","protected":false},"excerpt":{"rendered":"<p>As was the case for Ocoee in 1920, the commemorative events of 2020 unfolded within the context of a nation embroiled in controversy.&nbsp;A contentious presidential election in which the Black vote was considered essential, a summer of police violence, confrontations with the past, protests that spilled into the streets, and a global pandemic that upended&#8230;  <a class=\"excerpt-read-more\" href=\"https:\/\/bendingtowardjustice.cah.ucf.edu\/index.php\/chapter-13-ocoee-in-national-context\/\" title=\"Read Chapter 13: Ocoee in National Context\">Read more &raquo;<\/a><\/p>\n","protected":false},"author":4,"featured_media":2546,"parent":0,"menu_order":0,"comment_status":"closed","ping_status":"closed","template":"page-vrvs.php","meta":{"footnotes":""},"class_list":["post-2467","page","type-page","status-publish","has-post-thumbnail","hentry"],"_links":{"self":[{"href":"https:\/\/bendingtowardjustice.cah.ucf.edu\/index.php\/wp-json\/wp\/v2\/pages\/2467","targetHints":{"allow":["GET"]}}],"collection":[{"href":"https:\/\/bendingtowardjustice.cah.ucf.edu\/index.php\/wp-json\/wp\/v2\/pages"}],"about":[{"href":"https:\/\/bendingtowardjustice.cah.ucf.edu\/index.php\/wp-json\/wp\/v2\/types\/page"}],"author":[{"embeddable":true,"href":"https:\/\/bendingtowardjustice.cah.ucf.edu\/index.php\/wp-json\/wp\/v2\/users\/4"}],"replies":[{"embeddable":true,"href":"https:\/\/bendingtowardjustice.cah.ucf.edu\/index.php\/wp-json\/wp\/v2\/comments?post=2467"}],"version-history":[{"count":84,"href":"https:\/\/bendingtowardjustice.cah.ucf.edu\/index.php\/wp-json\/wp\/v2\/pages\/2467\/revisions"}],"predecessor-version":[{"id":3183,"href":"https:\/\/bendingtowardjustice.cah.ucf.edu\/index.php\/wp-json\/wp\/v2\/pages\/2467\/revisions\/3183"}],"wp:featuredmedia":[{"embeddable":true,"href":"https:\/\/bendingtowardjustice.cah.ucf.edu\/index.php\/wp-json\/wp\/v2\/media\/2546"}],"wp:attachment":[{"href":"https:\/\/bendingtowardjustice.cah.ucf.edu\/index.php\/wp-json\/wp\/v2\/media?parent=2467"}],"curies":[{"name":"wp","href":"https:\/\/api.w.org\/{rel}","templated":true}]}}